{"id":1733,"date":"2022-07-07T13:04:07","date_gmt":"2022-07-07T13:04:07","guid":{"rendered":"https:\/\/arsnovadance.com\/?page_id=1733"},"modified":"2023-09-14T15:43:19","modified_gmt":"2023-09-14T15:43:19","slug":"politica-studio","status":"publish","type":"page","link":"https:\/\/arsnova.ro\/scoaladedans\/politica-studio\/","title":{"rendered":"Politica studio"},"content":{"rendered":"\t\t<div data-elementor-type=\"wp-page\" data-elementor-id=\"1733\" class=\"elementor elementor-1733\">\n\t\t\t\t\t\t<div class=\"elementor-inner\">\n\t\t\t\t<div class=\"elementor-section-wrap\">\n\t\t\t\t\t\t\t\t\t<section class=\"elementor-section elementor-top-section elementor-element elementor-element-8c56919 elementor-section-boxed elementor-section-height-default elementor-section-height-default\" data-id=\"8c56919\" data-element_type=\"section\">\n\t\t\t\t\t\t<div class=\"elementor-container elementor-column-gap-default\">\n\t\t\t\t\t\t\t<div class=\"elementor-row\">\n\t\t\t\t\t<div class=\"elementor-column elementor-col-100 elementor-top-column elementor-element elementor-element-b0832c8\" data-id=\"b0832c8\" data-element_type=\"column\">\n\t\t\t<div class=\"elementor-column-wrap elementor-element-populated\">\n\t\t\t\t\t\t\t<div class=\"elementor-widget-wrap\">\n\t\t\t\t\t\t<div class=\"elementor-element elementor-element-f0e43f9 elementor-widget elementor-widget-text-editor\" data-id=\"f0e43f9\" data-element_type=\"widget\" data-widget_type=\"text-editor.default\">\n\t\t\t\t<div class=\"elementor-widget-container\">\n\t\t\t\t\t\t\t\t<div class=\"elementor-text-editor elementor-clearfix\">\n\t\t\t\t<p><strong>REGULAMENT DE ORDINE INTERIOARA <\/strong><\/p><p><strong>\u00a0<\/strong><\/p><p>\u00ceNSCRIEREA LA CURSURILE ARS NOVA\u00a0 presuspune automat acceptarea \u0219i respectarea regulamentului<\/p><p>Acest regulament este stabilit pentru desf\u0103\u0219urarea normal\u0103 a activit\u0103\u021bilor cursurile pentru copii in cadrul ARS NOVA FITNESS CENTER, pentru ocrotirea s\u0103n\u0103t\u0103\u021bii lor, precum \u0219i \u00een scopul respect\u0103rii ordinii \u0219i cur\u0103\u021beniei \u00eenc\u0103perilor \u0219i echipamentelor clubului.<\/p><p>Cunoa\u0219terea, \u00eensu\u0219irea \u0219i respectarea regulamentului de ordine interioar\u0103 este obligatorie pentru toate persoanele care frecventeaz\u0103 activit\u0103\u021bile noastre.<\/p><p>Prin plata unei \u0219edin\u021be sau a abonamentului dumneavoastr\u0103 \u0219i \u00eenregistrarea electronica \u00een sistem, sunte\u021bi considerat membru ARS NOVA \u0219i certifica\u021bi respectarea cu stricte\u021be a prezentului regulament. Pentru o bun\u0103 desf\u0103\u0219urare a activit\u0103\u021bii, at\u00e2t copiii c\u00e2t \u0219i adul\u021bii sunt ruga\u021bi s\u0103 poarte echipament adecvat. Trebuie s\u0103 fie \u00eembr\u0103ca\u021bi lejer, echipamentul poate fi compus din tricou\/body, colan\u021bi\/pantaloni de trening \u0219i \u0219osete.\u00a0\u00a0\u00a0<\/p><p>ARS NOVA \u00ee\u0219i rezerv\u0103 dreptul de a nu func\u021biona \u00een timpul s\u0103rb\u0103torilor legale. \u00cen timpul unor s\u0103rb\u0103tori speciale sau publice, se poate aplica program special de func\u021bionare.<\/p><p><strong>\u00ceNSCRIERE \/ ABONAMENT <\/strong><\/p><p>\u00censcrierea \u00een cadrul scolii se face prin achitarea unei taxe anuale nerambursabile \u00een valoare de 80 lei\/copil. Pentru al doilea\/treilea\u00a0 copil din aceea\u0219i familie se achit\u0103 doar 40 lei\/copil. Taxa v\u0103 asigur\u0103 locul \u00een grupa pentru care a-\u021bi optat. Locul este pierdut dac\u0103 continuitatea prezen\u021bei la clase este \u00eentrerupt\u0103 mai mult de 1 lun\u0103 calendaristic\u0103.\u00a0<\/p><p>\u00cen momentul \u00eenscrierii la cursurile noastre ve\u021bi primi un card de membru. Cardul de membru este nominal, se elibereaz\u0103 pentru \u00eentreaga perioad\u0103 a contractului \u00een vigoare \u0219i nu poate fi transmis altor persoane. Perioada minim\u0103 de participare la cursuri este de 2 luni din momentul \u00eenscrierii \u00een club. Terminarea colabor\u0103rii se face prin notificare scris\u0103 cu o lun\u0103 \u00een avas, \u00een caz contrar trebuie s\u0103 achite \u00eentrega perioad\u0103.\u00a0 Accesul la cursuri se face doar pe baza cardului dumneavoastr\u0103 de membru, ave\u021bi obliga\u021bia de a-l prezenta la recep\u021bie. \u00cen cazul \u00een care, nu ave\u021bi cardul la dumneavoastr\u0103 ve\u021bi prezenta actul de identitate pe baza c\u0103ruia se va verifica validitatea abonamentului.\u00a0\u00a0\u00a0<\/p><p>Plata pentru cursuri se realizeaz\u0103 numai la recep\u021bia clubului, sub form\u0103 de numerar sau CARD.<\/p><p>Dup\u0103 \u00eencasarea contravalorii cursului oferit, rambursarea banilor nu este posibil\u0103.<\/p><p>ARS NOVA \u00ee\u0219i rezerv\u0103 dreptul de a modifica costul cursurilor, durata lor \u0219i programul de func\u021bionare \u00een conformitate cu decizia administra\u021biei, schimb\u0103rile fiind afi\u0219ate online \u2013 \u0219i la recep\u021bie.<\/p><p>Orice tip de abonament se achit\u0103 integral \u00een primele 2 \u0219edin\u021be ale lunii \u0219i este valabil o lun\u0103 de la data achit\u0103rii. \u00cen cazul \u00een care un cursant doreste \u00eenscrierea \u00een cursul lunii , acesta va achita un abonament calculat per sedint\u0103 (20 lei\/ \u0219edin\u021b\u0103) pan\u0103 la finalul lunii.<\/p><p>ORELE PIERDUTE nu se recupereaz\u0103. Pentru \u00eenscrierea la cursurile ARS NOVA, trebuie s\u0103 semna\u021bi declara\u021bia pe proprie r\u0103spundere la recep\u021bie privind starea de s\u0103n\u0103tate a cursantului care \u00een locuieste\u00a0 adeverin\u021b\u0103 medical\u0103, care s\u0103 ateste c\u0103, participantul la cursuri este apt pentru efort fizic. \u00cen lunile cu vacan\u021b\u0103 de Cr\u0103ciun sau Paste abonamentul este \u00ceNTREG, vacan\u021bele nu dureaz\u0103 mai mult de o s\u0103pt\u0103man\u0103.<\/p><p>Membrii ARS NOVA vor primi recomand\u0103ri de la instructori cu privire la utilizarea echipamentului sportiv. Cursan\u021bii sunt obliga\u021bi s\u0103 utilizeze \u00een mod adecvat echipamentul sportiv, \u00een caz contrar \u00ee\u0219i asum\u0103 r\u0103spunderea pentru riscurile traumatismelor ce pot surveni. \u00cen cazul deterior\u0103rii echipamentului sportiv sau a altor bunuri \u00een urma utiliz\u0103rii \u00een mod neadecvat, persoana \u00een cauz\u0103 acoper\u0103 toate cheltuielile materiale pentru \u00eenl\u0103turarea deterior\u0103rilor produse de c\u0103tre el, echipamentului sportiv sau bunului, \u0219i repara\u021biile \u00eenc\u0103perii. Nu suntem responsabili de: pierderea sau furtul obiectelor personale \u00een sal\u0103 sau \u00een vestiare; nepl\u0103cerile cauzate de repara\u021bii \u0219i construc\u021bii efectuate \u00een zon\u0103.<\/p><p><strong>INTERZIS \u00ceN INCINTA ARS NOVA: <\/strong><\/p><p>Accesul persoanelor sub influen\u021ba b\u0103uturilor alcoolice sau a drogurilor;<\/p><p>Persoanelor cu boli contagioase cu risc de transmitere prin aer sau contact direct;<\/p><p>Accesul persoanelor \u00een haine murdare;<\/p><p>Accesul cu \u00eenc\u0103l\u021b\u0103minte de strad\u0103;<\/p><p>Distribuirea \u0219i folosirea b\u0103uturilor alcoolice;<\/p><p>Narcoticelor \u0219i fumatul \u00een incint\u0103;<\/p><p>Accesul cu animale de companie;<\/p><p>Este interzis\u0103 filmarea \u0219i fotografierea f\u0103r\u0103 o conven\u021bie special\u0103 cu administra\u021bia;<\/p><p>Utilizarea din proprie ini\u021biativ\u0103 a aparatelor muzicale sau a altor aparate\/echipamente sportive.<\/p><p>\u00a0<\/p><p>Abonamentul se poate anula \u00een urm\u0103toarele condi\u021bii: nerespectarea prezentului regulament, folosirea unui limbaj obscen, necuviincios, gesturi indecente, violente, c\u00e2t \u0219i un comportament care s\u0103 prejudicieze buna imagine a clubului nostru; utilizarea defectuoas\u0103 a echipamentelor sportive existente, respectiv deteriorarea acestora prin folosirea necorespunz\u0103toare; igiena personal\u0103 precar\u0103; nerespectarea \u00een mod repetat a observa\u021biilor instructorilor; s\u0103v\u00e2r\u0219irea de infrac\u021biuni; consumul de droguri, alcool si a substan\u021belor interzise \u00een activit\u0103\u021bile sportive; declararea datelor eronate \u00een fi\u0219a de \u00eenscriere; \u00eenstr\u0103inarea cardului propriu unei alte persoane cu scopul de a se folosi de servicii \u00een locul acesteia; nerespectarea regulilor de igien\u0103 a clubului.<\/p><p>Cursan\u021bii trebuie s\u0103 fie prezen\u021bi cu 10 minute \u00eenainte de \u00eenceperea orei \u0219i NU mai DEVREME sau mai TARZIU!<\/p><p>P\u0103rin\u021bii sunt obliga\u021bi s\u0103 men\u021bioneze la recep\u021bia institu\u021biei, la \u00eenceputul orei de curs, eventualele probleme de s\u0103n\u0103tate ale copilului! P\u0103rin\u021bii, rudele sau \u00eenso\u021bitorii copiilor nu stau \u00een sala de repeti\u021bie pe parcursul desf\u0103\u0219ur\u0103rii orei de curs si sunt obligati s\u0103 vin\u0103 \u00een echipament preg\u0103tit de cursuri.<\/p><p>Deciziile instructorilor privind desf\u0103surarea evenimentelor, alegerea grupelor pt participare \u00een anumite spectacole TREBUIE respectate \u0219i necontestate !<\/p><p>Problemele personale dintre p\u0103rin\u021bi NU sunt \u0219i problemele noastre !<\/p><p>Echipamentul sportiv pentru curs trebuie s\u0103 fie altul fa\u021b\u0103 de hainele de strad\u0103 (inclusiv \u00eenc\u0103l\u021b\u0103mintea)! Se recomand\u0103 haine comode ( imbr\u0103c\u0103minte special\u0103 de dans sau tricou\/maiou, colan\u021bi\/pantaloni trening). Pentru cei ce aleg curs intensiv, balet sau gimnastic\u0103 echipamentul trebuie s\u0103 fie special \u0219i de o anumit\u0103 culoare (profesorul coordonator v\u0103 va informa), p\u0103rul trebuie prins \u00een coc. Consumul alimentelor solide \u00een timpul orei de curs este strict interzis (inclusiv guma de mestecat)!<\/p><p>Un cursant va participa, ca membru al Scolii ARS NOVA la spectacole, dup\u0103 o perioad\u0103 f\u0103r\u0103 absen\u021be la cursurile de dans \u0219i mai ales dup\u0103 acordul profesorului coordonator.<\/p><p>At\u00e2t forma\u021bia dansului, c\u00e2t \u0219i locul ocupat de fiecare cursant \u00een dansul respectiv vor fi stabilite numai de profesorul coordonator. Decizia profesorului de a se prezen\u021ba \u00eentr-un spectacol cu cursan\u021bii este influen\u021bat\u0103 de : prezen\u021ba la cursuri, punctualitatea, abilitatea de \u00eenv\u0103\u021bare a pa\u0219ilor de dans preda\u021bi, ritmul, orientarea \u00een spa\u021biu, atitudinea, z\u00e2mbetul, \u021binuta, energia, rezisten\u021ba \u0219i spiritul de echip\u0103 \u0219i competi\u021bie.<\/p><p>\u00cenaintea fiecarui spectacol\u00a0 NU sunt acceptate absen\u021be (minim 3 s\u0103pt\u0103m\u0103ni \u00eenainte), excep\u021bie fac problemele MAJORE . \u00cen caz contrar copilul NU va intra \u00een spectacol !<\/p><p>Detalii despre evenimente vor fi anun\u021bate de profesorii coordonatori. Banii pentru costumele planificate de profesorul coordonator se aduc p\u00e2n\u0103 la o anumit\u0103 dat\u0103, stabilit\u0103 de acesta! \u00cen caz contrar, copilul nu va avea costum \u0219i nu va intra \u00een forma\u021bia dansului! \u00cen cazul \u00een care, datorit\u0103 avans\u0103rii de la o grup\u0103 la cealalt\u0103, este necesar\u0103 cump\u0103rarea costumului pe care \u00eel au copiii din grupa nou\u0103, cump\u0103rarea sau schimbul de costume se va stabili STRICT \u00eentre p\u0103rin\u021bi! Profesorul coordonator nu va interveni!<\/p><p>VA RUGAM P\u0103strati linistea si cur\u0103tenia, p\u0103stra\u021bi un comportament respectuos si decent fat\u0103 de cei din jur. NU l\u0103sati copiii s\u0103 alerge pe hol \/recep\u021bie\/S\u0103li \u00een afara orei de curs f\u0103r\u0103 supravegherea dvs!<\/p><p>IMPORTANT!<\/p><p>Conducerea ARS NOVA \u00ee\u0219i rezerv\u0103 dreptul: de a modifica tarifele existente; de a- \u0219i selecta clien\u021bii; de a refuza accesul persoanelor care au avut abonamentul vreodat\u0103 anulat cu sau f\u0103r\u0103 restituirea contravalorii acestuia.<\/p><p>La data de 25 mai 2018, regulamentul general privind protec\u021bia datelor (RGPD sau varianta \u00een englez\u0103 GDPR) a intrat \u00een vigoare \u0219i \u00een Romania. Pentru a ne asigura c\u0103 activ\u0103m \u00een conformitate cu acest regulament European, avem nevoie de consim\u021b\u0103mantul actualizat pentru primirea informa\u021biilor noastre.<\/p><p>\u00a0<\/p><p>\u00a0<\/p><p>ARS NOVA se angajeaz\u0103 s\u0103 p\u0103streze confiden\u021bialitatea datelor personale ale membrilor \u0219i s\u0103 le utilizeze conform legisla\u021biei \u00een vigoare. Prin acordarea datelor personale, abonatul este de acord ca aceste informa\u021bii s\u0103 intre \u00een baza de date a clubului \u0219i s\u0103 fie folosite \u00een viitor de c\u0103tre ARS NOVA pentru a-l informa cu privire la noi promo\u021bii. Pozele \u0219i materialele video realizate \u00een cursul orelor se pot folosi \u00een scopul promov\u0103rii clubului ARS NOVA.<\/p><p>\u00a0<\/p><p>V\u0103 \u00a0\u00a0\u00a0\u00a0\u00a0\u00a0\u00a0\u00a0\u00a0 rug\u0103m \u00a0 s\u0103 \u00a0\u00a0\u00a0\u00a0\u00a0\u00a0\u00a0\u00a0\u00a0\u00a0 ne \u00a0\u00a0\u00a0\u00a0\u00a0\u00a0\u00a0\u00a0\u00a0 semnala\u021bi \u00a0\u00a0\u00a0\u00a0\u00a0\u00a0\u00a0\u00a0\u00a0\u00a0 eventualele \u00a0\u00a0\u00a0\u00a0\u00a0\u00a0 dumneavoastr\u0103 \u00a0\u00a0\u00a0\u00a0\u00a0\u00a0\u00a0\u00a0\u00a0\u00a0\u00a0\u00a0\u00a0\u00a0 observa\u021bii \u00a0\u00a0\u00a0\u00a0\u00a0\u00a0\u00a0\u00a0\u00a0\u00a0 prin \u00a0\u00a0\u00a0\u00a0\u00a0\u00a0 e-mail la \u00a0\u00a0\u00a0\u00a0\u00a0\u00a0\u00a0\u00a0\u00a0\u00a0 adresa contact@arsnova.ro<\/p><p>\u00a0<\/p><p>INSCRIEREA LA CURSURILE ARS NOVA presuspune automat acceptarea si respectarea regulamentului<\/p>\t\t\t\t\t<\/div>\n\t\t\t\t\t\t<\/div>\n\t\t\t\t<\/div>\n\t\t\t\t\t\t<\/div>\n\t\t\t\t\t<\/div>\n\t\t<\/div>\n\t\t\t\t\t\t\t\t<\/div>\n\t\t\t\t\t<\/div>\n\t\t<\/section>\n\t\t\t\t\t\t\t\t\t<\/div>\n\t\t\t<\/div>\n\t\t\t\t\t<\/div>\n\t\t","protected":false},"excerpt":{"rendered":"<p>REGULAMENT DE ORDINE INTERIOARA \u00a0 \u00ceNSCRIEREA LA CURSURILE ARS NOVA\u00a0 presuspune automat acceptarea \u0219i respectarea regulamentului Acest regulament este stabilit pentru desf\u0103\u0219urarea normal\u0103 a activit\u0103\u021bilor cursurile pentru copii in cadrul ARS NOVA FITNESS CENTER, pentru ocrotirea s\u0103n\u0103t\u0103\u021bii lor, precum \u0219i \u00een scopul respect\u0103rii ordinii \u0219i cur\u0103\u021beniei \u00eenc\u0103perilor \u0219i echipamentelor clubului. Cunoa\u0219terea, \u00eensu\u0219irea \u0219i respectarea regulamentului [&hellip;]<\/p>\n","protected":false},"author":1,"featured_media":0,"parent":0,"menu_order":0,"comment_status":"closed","ping_status":"closed","template":"","meta":{"footnotes":""},"class_list":["post-1733","page","type-page","status-publish","hentry"],"yoast_head":"<!-- This site is optimized with the Yoast SEO plugin v27.6 - https:\/\/yoast.com\/product\/yoast-seo-wordpress\/ -->\n<title>Studio Policies | ARS Nova Dance Studio<\/title>\n<meta name=\"description\" content=\"Please Read Our Studio Policies &amp; Keep Yourself Up To Date With The Changes &amp; Updates. Call Today For More Information.\" \/>\n<meta name=\"robots\" content=\"index, follow, max-snippet:-1, max-image-preview:large, max-video-preview:-1\" \/>\n<link rel=\"canonical\" href=\"https:\/\/arsnova.ro\/scoaladedans\/politica-studio\/\" \/>\n<meta property=\"og:locale\" content=\"ro_RO\" \/>\n<meta property=\"og:type\" content=\"article\" \/>\n<meta property=\"og:title\" content=\"Studio Policies | ARS Nova Dance Studio\" \/>\n<meta property=\"og:description\" content=\"Please Read Our Studio Policies &amp; Keep Yourself Up To Date With The Changes &amp; Updates. Call Today For More Information.\" \/>\n<meta property=\"og:url\" content=\"https:\/\/arsnova.ro\/scoaladedans\/politica-studio\/\" \/>\n<meta property=\"og:site_name\" content=\"Scoala de dans Oradea\" \/>\n<meta property=\"article:modified_time\" content=\"2023-09-14T15:43:19+00:00\" \/>\n<meta name=\"twitter:card\" content=\"summary_large_image\" \/>\n<meta name=\"twitter:label1\" content=\"Timp estimat pentru citire\" \/>\n\t<meta name=\"twitter:data1\" content=\"8 minute\" \/>\n<script type=\"application\/ld+json\" class=\"yoast-schema-graph\">{\"@context\":\"https:\\\/\\\/schema.org\",\"@graph\":[{\"@type\":\"WebPage\",\"@id\":\"https:\\\/\\\/arsnova.ro\\\/scoaladedans\\\/politica-studio\\\/\",\"url\":\"https:\\\/\\\/arsnova.ro\\\/scoaladedans\\\/politica-studio\\\/\",\"name\":\"Studio Policies | ARS Nova Dance Studio\",\"isPartOf\":{\"@id\":\"https:\\\/\\\/arsnova.ro\\\/scoaladedans\\\/#website\"},\"datePublished\":\"2022-07-07T13:04:07+00:00\",\"dateModified\":\"2023-09-14T15:43:19+00:00\",\"description\":\"Please Read Our Studio Policies & Keep Yourself Up To Date With The Changes & Updates. Call Today For More Information.\",\"breadcrumb\":{\"@id\":\"https:\\\/\\\/arsnova.ro\\\/scoaladedans\\\/politica-studio\\\/#breadcrumb\"},\"inLanguage\":\"ro-RO\",\"potentialAction\":[{\"@type\":\"ReadAction\",\"target\":[\"https:\\\/\\\/arsnova.ro\\\/scoaladedans\\\/politica-studio\\\/\"]}]},{\"@type\":\"BreadcrumbList\",\"@id\":\"https:\\\/\\\/arsnova.ro\\\/scoaladedans\\\/politica-studio\\\/#breadcrumb\",\"itemListElement\":[{\"@type\":\"ListItem\",\"position\":1,\"name\":\"Home\",\"item\":\"https:\\\/\\\/arsnova.ro\\\/scoaladedans\\\/\"},{\"@type\":\"ListItem\",\"position\":2,\"name\":\"Politica studio\"}]},{\"@type\":\"WebSite\",\"@id\":\"https:\\\/\\\/arsnova.ro\\\/scoaladedans\\\/#website\",\"url\":\"https:\\\/\\\/arsnova.ro\\\/scoaladedans\\\/\",\"name\":\"Scoala de dans Oradea\",\"description\":\"Ars Nova\",\"publisher\":{\"@id\":\"https:\\\/\\\/arsnova.ro\\\/scoaladedans\\\/#organization\"},\"potentialAction\":[{\"@type\":\"SearchAction\",\"target\":{\"@type\":\"EntryPoint\",\"urlTemplate\":\"https:\\\/\\\/arsnova.ro\\\/scoaladedans\\\/?s={search_term_string}\"},\"query-input\":{\"@type\":\"PropertyValueSpecification\",\"valueRequired\":true,\"valueName\":\"search_term_string\"}}],\"inLanguage\":\"ro-RO\"},{\"@type\":\"Organization\",\"@id\":\"https:\\\/\\\/arsnova.ro\\\/scoaladedans\\\/#organization\",\"name\":\"Scoala de dans Oradea\",\"url\":\"https:\\\/\\\/arsnova.ro\\\/scoaladedans\\\/\",\"logo\":{\"@type\":\"ImageObject\",\"inLanguage\":\"ro-RO\",\"@id\":\"https:\\\/\\\/arsnova.ro\\\/scoaladedans\\\/#\\\/schema\\\/logo\\\/image\\\/\",\"url\":\"https:\\\/\\\/arsnova.ro\\\/scoaladedans\\\/wp-content\\\/uploads\\\/2022\\\/08\\\/arsnova-white-foooter-1-300x135-1.png\",\"contentUrl\":\"https:\\\/\\\/arsnova.ro\\\/scoaladedans\\\/wp-content\\\/uploads\\\/2022\\\/08\\\/arsnova-white-foooter-1-300x135-1.png\",\"width\":300,\"height\":135,\"caption\":\"Scoala de dans Oradea\"},\"image\":{\"@id\":\"https:\\\/\\\/arsnova.ro\\\/scoaladedans\\\/#\\\/schema\\\/logo\\\/image\\\/\"}}]}<\/script>\n<!-- \/ Yoast SEO plugin. -->","yoast_head_json":{"title":"Studio Policies | ARS Nova Dance Studio","description":"Please Read Our Studio Policies & Keep Yourself Up To Date With The Changes & Updates. Call Today For More Information.","robots":{"index":"index","follow":"follow","max-snippet":"max-snippet:-1","max-image-preview":"max-image-preview:large","max-video-preview":"max-video-preview:-1"},"canonical":"https:\/\/arsnova.ro\/scoaladedans\/politica-studio\/","og_locale":"ro_RO","og_type":"article","og_title":"Studio Policies | ARS Nova Dance Studio","og_description":"Please Read Our Studio Policies & Keep Yourself Up To Date With The Changes & Updates. Call Today For More Information.","og_url":"https:\/\/arsnova.ro\/scoaladedans\/politica-studio\/","og_site_name":"Scoala de dans Oradea","article_modified_time":"2023-09-14T15:43:19+00:00","twitter_card":"summary_large_image","twitter_misc":{"Timp estimat pentru citire":"8 minute"},"schema":{"@context":"https:\/\/schema.org","@graph":[{"@type":"WebPage","@id":"https:\/\/arsnova.ro\/scoaladedans\/politica-studio\/","url":"https:\/\/arsnova.ro\/scoaladedans\/politica-studio\/","name":"Studio Policies | ARS Nova Dance Studio","isPartOf":{"@id":"https:\/\/arsnova.ro\/scoaladedans\/#website"},"datePublished":"2022-07-07T13:04:07+00:00","dateModified":"2023-09-14T15:43:19+00:00","description":"Please Read Our Studio Policies & Keep Yourself Up To Date With The Changes & Updates. Call Today For More Information.","breadcrumb":{"@id":"https:\/\/arsnova.ro\/scoaladedans\/politica-studio\/#breadcrumb"},"inLanguage":"ro-RO","potentialAction":[{"@type":"ReadAction","target":["https:\/\/arsnova.ro\/scoaladedans\/politica-studio\/"]}]},{"@type":"BreadcrumbList","@id":"https:\/\/arsnova.ro\/scoaladedans\/politica-studio\/#breadcrumb","itemListElement":[{"@type":"ListItem","position":1,"name":"Home","item":"https:\/\/arsnova.ro\/scoaladedans\/"},{"@type":"ListItem","position":2,"name":"Politica studio"}]},{"@type":"WebSite","@id":"https:\/\/arsnova.ro\/scoaladedans\/#website","url":"https:\/\/arsnova.ro\/scoaladedans\/","name":"Scoala de dans Oradea","description":"Ars Nova","publisher":{"@id":"https:\/\/arsnova.ro\/scoaladedans\/#organization"},"potentialAction":[{"@type":"SearchAction","target":{"@type":"EntryPoint","urlTemplate":"https:\/\/arsnova.ro\/scoaladedans\/?s={search_term_string}"},"query-input":{"@type":"PropertyValueSpecification","valueRequired":true,"valueName":"search_term_string"}}],"inLanguage":"ro-RO"},{"@type":"Organization","@id":"https:\/\/arsnova.ro\/scoaladedans\/#organization","name":"Scoala de dans Oradea","url":"https:\/\/arsnova.ro\/scoaladedans\/","logo":{"@type":"ImageObject","inLanguage":"ro-RO","@id":"https:\/\/arsnova.ro\/scoaladedans\/#\/schema\/logo\/image\/","url":"https:\/\/arsnova.ro\/scoaladedans\/wp-content\/uploads\/2022\/08\/arsnova-white-foooter-1-300x135-1.png","contentUrl":"https:\/\/arsnova.ro\/scoaladedans\/wp-content\/uploads\/2022\/08\/arsnova-white-foooter-1-300x135-1.png","width":300,"height":135,"caption":"Scoala de dans Oradea"},"image":{"@id":"https:\/\/arsnova.ro\/scoaladedans\/#\/schema\/logo\/image\/"}}]}},"_links":{"self":[{"href":"https:\/\/arsnova.ro\/scoaladedans\/wp-json\/wp\/v2\/pages\/1733","targetHints":{"allow":["GET"]}}],"collection":[{"href":"https:\/\/arsnova.ro\/scoaladedans\/wp-json\/wp\/v2\/pages"}],"about":[{"href":"https:\/\/arsnova.ro\/scoaladedans\/wp-json\/wp\/v2\/types\/page"}],"author":[{"embeddable":true,"href":"https:\/\/arsnova.ro\/scoaladedans\/wp-json\/wp\/v2\/users\/1"}],"replies":[{"embeddable":true,"href":"https:\/\/arsnova.ro\/scoaladedans\/wp-json\/wp\/v2\/comments?post=1733"}],"version-history":[{"count":66,"href":"https:\/\/arsnova.ro\/scoaladedans\/wp-json\/wp\/v2\/pages\/1733\/revisions"}],"predecessor-version":[{"id":3847,"href":"https:\/\/arsnova.ro\/scoaladedans\/wp-json\/wp\/v2\/pages\/1733\/revisions\/3847"}],"wp:attachment":[{"href":"https:\/\/arsnova.ro\/scoaladedans\/wp-json\/wp\/v2\/media?parent=1733"}],"curies":[{"name":"wp","href":"https:\/\/api.w.org\/{rel}","templated":true}]}}