{"id":2169,"date":"2022-07-21T20:45:30","date_gmt":"2022-07-21T20:45:30","guid":{"rendered":"https:\/\/arsnovadance.com\/?page_id=2169"},"modified":"2026-04-06T10:05:16","modified_gmt":"2026-04-06T10:05:16","slug":"echipa","status":"publish","type":"page","link":"https:\/\/arsnova.ro\/scoaladedans\/echipa\/","title":{"rendered":"Echipa"},"content":{"rendered":"\t\t<div data-elementor-type=\"wp-page\" data-elementor-id=\"2169\" class=\"elementor elementor-2169\">\n\t\t\t\t\t\t<div class=\"elementor-inner\">\n\t\t\t\t<div class=\"elementor-section-wrap\">\n\t\t\t\t\t\t\t\t\t<section class=\"elementor-section elementor-top-section elementor-element elementor-element-39011b5 elementor-section-boxed elementor-section-height-default elementor-section-height-default\" data-id=\"39011b5\" data-element_type=\"section\" data-settings=\"{&quot;background_background&quot;:&quot;gradient&quot;}\">\n\t\t\t\t\t\t<div class=\"elementor-container elementor-column-gap-default\">\n\t\t\t\t\t\t\t<div class=\"elementor-row\">\n\t\t\t\t\t<div class=\"elementor-column elementor-col-100 elementor-top-column elementor-element elementor-element-e017e41\" data-id=\"e017e41\" data-element_type=\"column\">\n\t\t\t<div class=\"elementor-column-wrap elementor-element-populated\">\n\t\t\t\t\t\t\t<div class=\"elementor-widget-wrap\">\n\t\t\t\t\t\t<div class=\"elementor-element elementor-element-86c8a6b elementor-widget elementor-widget-heading\" data-id=\"86c8a6b\" data-element_type=\"widget\" data-widget_type=\"heading.default\">\n\t\t\t\t<div class=\"elementor-widget-container\">\n\t\t\t<h2 class=\"elementor-heading-title elementor-size-default\">Instructorii arsnova<\/h2>\t\t<\/div>\n\t\t\t\t<\/div>\n\t\t\t\t\t\t<\/div>\n\t\t\t\t\t<\/div>\n\t\t<\/div>\n\t\t\t\t\t\t\t\t<\/div>\n\t\t\t\t\t<\/div>\n\t\t<\/section>\n\t\t\t\t<section class=\"elementor-section elementor-top-section elementor-element elementor-element-2f127b4 elementor-section-full_width elementor-section-height-default elementor-section-height-default\" data-id=\"2f127b4\" data-element_type=\"section\" data-settings=\"{&quot;background_background&quot;:&quot;classic&quot;}\">\n\t\t\t\t\t\t<div class=\"elementor-container elementor-column-gap-default\">\n\t\t\t\t\t\t\t<div class=\"elementor-row\">\n\t\t\t\t\t<div class=\"elementor-column elementor-col-33 elementor-top-column elementor-element elementor-element-b37d2d1\" data-id=\"b37d2d1\" data-element_type=\"column\">\n\t\t\t<div class=\"elementor-column-wrap\">\n\t\t\t\t\t\t\t<div class=\"elementor-widget-wrap\">\n\t\t\t\t\t\t\t\t<\/div>\n\t\t\t\t\t<\/div>\n\t\t<\/div>\n\t\t\t\t<div class=\"elementor-column elementor-col-33 elementor-top-column elementor-element elementor-element-9eb872a\" data-id=\"9eb872a\" data-element_type=\"column\">\n\t\t\t<div class=\"elementor-column-wrap elementor-element-populated\">\n\t\t\t\t\t\t\t<div class=\"elementor-widget-wrap\">\n\t\t\t\t\t\t<div class=\"elementor-element elementor-element-a0a3ec2 elementor-position-top elementor-vertical-align-top elementor-widget elementor-widget-image-box\" data-id=\"a0a3ec2\" data-element_type=\"widget\" data-widget_type=\"image-box.default\">\n\t\t\t\t<div class=\"elementor-widget-container\">\n\t\t\t<div class=\"elementor-image-box-wrapper\"><figure class=\"elementor-image-box-img\"><img loading=\"lazy\" decoding=\"async\" width=\"512\" height=\"512\" src=\"https:\/\/arsnova.ro\/scoaladedans\/wp-content\/uploads\/2025\/05\/instructor-1-arsnova.png\" class=\"attachment-full size-full wp-image-4152\" alt=\"\" srcset=\"https:\/\/arsnova.ro\/scoaladedans\/wp-content\/uploads\/2025\/05\/instructor-1-arsnova.png 512w, https:\/\/arsnova.ro\/scoaladedans\/wp-content\/uploads\/2025\/05\/instructor-1-arsnova-300x300.png 300w, https:\/\/arsnova.ro\/scoaladedans\/wp-content\/uploads\/2025\/05\/instructor-1-arsnova-150x150.png 150w, https:\/\/arsnova.ro\/scoaladedans\/wp-content\/uploads\/2025\/05\/instructor-1-arsnova-100x100.png 100w\" sizes=\"auto, (max-width: 512px) 100vw, 512px\" \/><\/figure><div class=\"elementor-image-box-content\"><h3 class=\"elementor-image-box-title\">Teodora Lazuran<\/h3><\/div><\/div>\t\t<\/div>\n\t\t\t\t<\/div>\n\t\t\t\t<div class=\"elementor-element elementor-element-6a84d64 elementor-widget elementor-widget-heading\" data-id=\"6a84d64\" data-element_type=\"widget\" data-widget_type=\"heading.default\">\n\t\t\t\t<div class=\"elementor-widget-container\">\n\t\t\t<p class=\"elementor-heading-title elementor-size-default\">\u00cen calitate de antrenor am reu\u0219it s\u0103 \u00eemp\u0103rt\u0103\u0219esc cuno\u0219tin\u021bele \u0219i valorile pe care le-am acumulat ca sportiv cu copiii cu care am lucrat \u0219i cu care am c\u00e2\u0219tigat titluri importante de campionat na\u021bional la gimnastic\u0103 ritmic\u0103, peste 20 de titluri de campionat mondial, 15 de vicecampioane, 15 titluri de campionat al Rom\u00e2niei, 11 titluri de campionat maghiar la diferite categorii de dans.<\/p>\t\t<\/div>\n\t\t\t\t<\/div>\n\t\t\t\t<div class=\"elementor-element elementor-element-a66ccf2 elementor-button-danger elementor-align-center elementor-widget elementor-widget-button\" data-id=\"a66ccf2\" data-element_type=\"widget\" data-widget_type=\"button.default\">\n\t\t\t\t<div class=\"elementor-widget-container\">\n\t\t\t\t\t<div class=\"elementor-button-wrapper\">\n\t\t\t<a class=\"elementor-button elementor-button-link elementor-size-xs\" href=\"https:\/\/teodoralazuran.com\/\">\n\t\t\t\t\t\t<span class=\"elementor-button-content-wrapper\">\n\t\t\t\t\t\t<span class=\"elementor-button-text\">citeste mai mult<\/span>\n\t\t<\/span>\n\t\t\t\t\t<\/a>\n\t\t<\/div>\n\t\t\t\t<\/div>\n\t\t\t\t<\/div>\n\t\t\t\t\t\t<\/div>\n\t\t\t\t\t<\/div>\n\t\t<\/div>\n\t\t\t\t<div class=\"elementor-column elementor-col-33 elementor-top-column elementor-element elementor-element-bb6db0a\" data-id=\"bb6db0a\" data-element_type=\"column\">\n\t\t\t<div class=\"elementor-column-wrap\">\n\t\t\t\t\t\t\t<div class=\"elementor-widget-wrap\">\n\t\t\t\t\t\t\t\t<\/div>\n\t\t\t\t\t<\/div>\n\t\t<\/div>\n\t\t\t\t\t\t\t\t<\/div>\n\t\t\t\t\t<\/div>\n\t\t<\/section>\n\t\t\t\t\t\t\t\t\t<\/div>\n\t\t\t<\/div>\n\t\t\t\t\t<\/div>\n\t\t","protected":false},"excerpt":{"rendered":"<p>Instructorii arsnova Teodora Lazuran \u00cen calitate de antrenor am reu\u0219it s\u0103 \u00eemp\u0103rt\u0103\u0219esc cuno\u0219tin\u021bele \u0219i valorile pe care le-am acumulat ca sportiv cu copiii cu care am lucrat \u0219i cu care am c\u00e2\u0219tigat titluri importante de campionat na\u021bional la gimnastic\u0103 ritmic\u0103, peste 20 de titluri de campionat mondial, 15 de vicecampioane, 15 titluri de campionat al [&hellip;]<\/p>\n","protected":false},"author":1,"featured_media":0,"parent":0,"menu_order":0,"comment_status":"closed","ping_status":"closed","template":"","meta":{"footnotes":""},"class_list":["post-2169","page","type-page","status-publish","hentry"],"yoast_head":"<!-- This site is optimized with the Yoast SEO plugin v27.6 - https:\/\/yoast.com\/product\/yoast-seo-wordpress\/ -->\n<title>Meet Our Faculty | ARS Nova Dance Studio<\/title>\n<meta name=\"description\" content=\"Our Faculty Is Led By Teodora Lazuran. We Are Commited To Bringing Only The Best Teachers In Industry To ARS Nova Dance Studio.\" \/>\n<meta name=\"robots\" content=\"index, follow, max-snippet:-1, max-image-preview:large, max-video-preview:-1\" \/>\n<link rel=\"canonical\" href=\"https:\/\/arsnova.ro\/scoaladedans\/echipa\/\" \/>\n<meta property=\"og:locale\" content=\"ro_RO\" \/>\n<meta property=\"og:type\" content=\"article\" \/>\n<meta property=\"og:title\" content=\"Meet Our Faculty | ARS Nova Dance Studio\" \/>\n<meta property=\"og:description\" content=\"Our Faculty Is Led By Teodora Lazuran. We Are Commited To Bringing Only The Best Teachers In Industry To ARS Nova Dance Studio.\" \/>\n<meta property=\"og:url\" content=\"https:\/\/arsnova.ro\/scoaladedans\/echipa\/\" \/>\n<meta property=\"og:site_name\" content=\"Scoala de dans Oradea\" \/>\n<meta property=\"article:modified_time\" content=\"2026-04-06T10:05:16+00:00\" \/>\n<meta property=\"og:image\" content=\"https:\/\/arsnova.ro\/scoaladedans\/wp-content\/uploads\/2025\/05\/instructor-1-arsnova.png\" \/>\n\t<meta property=\"og:image:width\" content=\"512\" \/>\n\t<meta property=\"og:image:height\" content=\"512\" \/>\n\t<meta property=\"og:image:type\" content=\"image\/png\" \/>\n<meta name=\"twitter:card\" content=\"summary_large_image\" \/>\n<meta name=\"twitter:label1\" content=\"Timp estimat pentru citire\" \/>\n\t<meta name=\"twitter:data1\" content=\"1 minut\" \/>\n<script type=\"application\/ld+json\" class=\"yoast-schema-graph\">{\"@context\":\"https:\\\/\\\/schema.org\",\"@graph\":[{\"@type\":\"WebPage\",\"@id\":\"https:\\\/\\\/arsnova.ro\\\/scoaladedans\\\/echipa\\\/\",\"url\":\"https:\\\/\\\/arsnova.ro\\\/scoaladedans\\\/echipa\\\/\",\"name\":\"Meet Our Faculty | ARS Nova Dance Studio\",\"isPartOf\":{\"@id\":\"https:\\\/\\\/arsnova.ro\\\/scoaladedans\\\/#website\"},\"primaryImageOfPage\":{\"@id\":\"https:\\\/\\\/arsnova.ro\\\/scoaladedans\\\/echipa\\\/#primaryimage\"},\"image\":{\"@id\":\"https:\\\/\\\/arsnova.ro\\\/scoaladedans\\\/echipa\\\/#primaryimage\"},\"thumbnailUrl\":\"https:\\\/\\\/arsnova.ro\\\/scoaladedans\\\/wp-content\\\/uploads\\\/2025\\\/05\\\/instructor-1-arsnova.png\",\"datePublished\":\"2022-07-21T20:45:30+00:00\",\"dateModified\":\"2026-04-06T10:05:16+00:00\",\"description\":\"Our Faculty Is Led By Teodora Lazuran. We Are Commited To Bringing Only The Best Teachers In Industry To ARS Nova Dance Studio.\",\"breadcrumb\":{\"@id\":\"https:\\\/\\\/arsnova.ro\\\/scoaladedans\\\/echipa\\\/#breadcrumb\"},\"inLanguage\":\"ro-RO\",\"potentialAction\":[{\"@type\":\"ReadAction\",\"target\":[\"https:\\\/\\\/arsnova.ro\\\/scoaladedans\\\/echipa\\\/\"]}]},{\"@type\":\"ImageObject\",\"inLanguage\":\"ro-RO\",\"@id\":\"https:\\\/\\\/arsnova.ro\\\/scoaladedans\\\/echipa\\\/#primaryimage\",\"url\":\"https:\\\/\\\/arsnova.ro\\\/scoaladedans\\\/wp-content\\\/uploads\\\/2025\\\/05\\\/instructor-1-arsnova.png\",\"contentUrl\":\"https:\\\/\\\/arsnova.ro\\\/scoaladedans\\\/wp-content\\\/uploads\\\/2025\\\/05\\\/instructor-1-arsnova.png\",\"width\":512,\"height\":512},{\"@type\":\"BreadcrumbList\",\"@id\":\"https:\\\/\\\/arsnova.ro\\\/scoaladedans\\\/echipa\\\/#breadcrumb\",\"itemListElement\":[{\"@type\":\"ListItem\",\"position\":1,\"name\":\"Home\",\"item\":\"https:\\\/\\\/arsnova.ro\\\/scoaladedans\\\/\"},{\"@type\":\"ListItem\",\"position\":2,\"name\":\"Echipa\"}]},{\"@type\":\"WebSite\",\"@id\":\"https:\\\/\\\/arsnova.ro\\\/scoaladedans\\\/#website\",\"url\":\"https:\\\/\\\/arsnova.ro\\\/scoaladedans\\\/\",\"name\":\"Scoala de dans Oradea\",\"description\":\"Ars Nova\",\"publisher\":{\"@id\":\"https:\\\/\\\/arsnova.ro\\\/scoaladedans\\\/#organization\"},\"potentialAction\":[{\"@type\":\"SearchAction\",\"target\":{\"@type\":\"EntryPoint\",\"urlTemplate\":\"https:\\\/\\\/arsnova.ro\\\/scoaladedans\\\/?s={search_term_string}\"},\"query-input\":{\"@type\":\"PropertyValueSpecification\",\"valueRequired\":true,\"valueName\":\"search_term_string\"}}],\"inLanguage\":\"ro-RO\"},{\"@type\":\"Organization\",\"@id\":\"https:\\\/\\\/arsnova.ro\\\/scoaladedans\\\/#organization\",\"name\":\"Scoala de dans Oradea\",\"url\":\"https:\\\/\\\/arsnova.ro\\\/scoaladedans\\\/\",\"logo\":{\"@type\":\"ImageObject\",\"inLanguage\":\"ro-RO\",\"@id\":\"https:\\\/\\\/arsnova.ro\\\/scoaladedans\\\/#\\\/schema\\\/logo\\\/image\\\/\",\"url\":\"https:\\\/\\\/arsnova.ro\\\/scoaladedans\\\/wp-content\\\/uploads\\\/2022\\\/08\\\/arsnova-white-foooter-1-300x135-1.png\",\"contentUrl\":\"https:\\\/\\\/arsnova.ro\\\/scoaladedans\\\/wp-content\\\/uploads\\\/2022\\\/08\\\/arsnova-white-foooter-1-300x135-1.png\",\"width\":300,\"height\":135,\"caption\":\"Scoala de dans Oradea\"},\"image\":{\"@id\":\"https:\\\/\\\/arsnova.ro\\\/scoaladedans\\\/#\\\/schema\\\/logo\\\/image\\\/\"}}]}<\/script>\n<!-- \/ Yoast SEO plugin. -->","yoast_head_json":{"title":"Meet Our Faculty | ARS Nova Dance Studio","description":"Our Faculty Is Led By Teodora Lazuran. We Are Commited To Bringing Only The Best Teachers In Industry To ARS Nova Dance Studio.","robots":{"index":"index","follow":"follow","max-snippet":"max-snippet:-1","max-image-preview":"max-image-preview:large","max-video-preview":"max-video-preview:-1"},"canonical":"https:\/\/arsnova.ro\/scoaladedans\/echipa\/","og_locale":"ro_RO","og_type":"article","og_title":"Meet Our Faculty | ARS Nova Dance Studio","og_description":"Our Faculty Is Led By Teodora Lazuran. We Are Commited To Bringing Only The Best Teachers In Industry To ARS Nova Dance Studio.","og_url":"https:\/\/arsnova.ro\/scoaladedans\/echipa\/","og_site_name":"Scoala de dans Oradea","article_modified_time":"2026-04-06T10:05:16+00:00","og_image":[{"width":512,"height":512,"url":"https:\/\/arsnova.ro\/scoaladedans\/wp-content\/uploads\/2025\/05\/instructor-1-arsnova.png","type":"image\/png"}],"twitter_card":"summary_large_image","twitter_misc":{"Timp estimat pentru citire":"1 minut"},"schema":{"@context":"https:\/\/schema.org","@graph":[{"@type":"WebPage","@id":"https:\/\/arsnova.ro\/scoaladedans\/echipa\/","url":"https:\/\/arsnova.ro\/scoaladedans\/echipa\/","name":"Meet Our Faculty | ARS Nova Dance Studio","isPartOf":{"@id":"https:\/\/arsnova.ro\/scoaladedans\/#website"},"primaryImageOfPage":{"@id":"https:\/\/arsnova.ro\/scoaladedans\/echipa\/#primaryimage"},"image":{"@id":"https:\/\/arsnova.ro\/scoaladedans\/echipa\/#primaryimage"},"thumbnailUrl":"https:\/\/arsnova.ro\/scoaladedans\/wp-content\/uploads\/2025\/05\/instructor-1-arsnova.png","datePublished":"2022-07-21T20:45:30+00:00","dateModified":"2026-04-06T10:05:16+00:00","description":"Our Faculty Is Led By Teodora Lazuran. We Are Commited To Bringing Only The Best Teachers In Industry To ARS Nova Dance Studio.","breadcrumb":{"@id":"https:\/\/arsnova.ro\/scoaladedans\/echipa\/#breadcrumb"},"inLanguage":"ro-RO","potentialAction":[{"@type":"ReadAction","target":["https:\/\/arsnova.ro\/scoaladedans\/echipa\/"]}]},{"@type":"ImageObject","inLanguage":"ro-RO","@id":"https:\/\/arsnova.ro\/scoaladedans\/echipa\/#primaryimage","url":"https:\/\/arsnova.ro\/scoaladedans\/wp-content\/uploads\/2025\/05\/instructor-1-arsnova.png","contentUrl":"https:\/\/arsnova.ro\/scoaladedans\/wp-content\/uploads\/2025\/05\/instructor-1-arsnova.png","width":512,"height":512},{"@type":"BreadcrumbList","@id":"https:\/\/arsnova.ro\/scoaladedans\/echipa\/#breadcrumb","itemListElement":[{"@type":"ListItem","position":1,"name":"Home","item":"https:\/\/arsnova.ro\/scoaladedans\/"},{"@type":"ListItem","position":2,"name":"Echipa"}]},{"@type":"WebSite","@id":"https:\/\/arsnova.ro\/scoaladedans\/#website","url":"https:\/\/arsnova.ro\/scoaladedans\/","name":"Scoala de dans Oradea","description":"Ars Nova","publisher":{"@id":"https:\/\/arsnova.ro\/scoaladedans\/#organization"},"potentialAction":[{"@type":"SearchAction","target":{"@type":"EntryPoint","urlTemplate":"https:\/\/arsnova.ro\/scoaladedans\/?s={search_term_string}"},"query-input":{"@type":"PropertyValueSpecification","valueRequired":true,"valueName":"search_term_string"}}],"inLanguage":"ro-RO"},{"@type":"Organization","@id":"https:\/\/arsnova.ro\/scoaladedans\/#organization","name":"Scoala de dans Oradea","url":"https:\/\/arsnova.ro\/scoaladedans\/","logo":{"@type":"ImageObject","inLanguage":"ro-RO","@id":"https:\/\/arsnova.ro\/scoaladedans\/#\/schema\/logo\/image\/","url":"https:\/\/arsnova.ro\/scoaladedans\/wp-content\/uploads\/2022\/08\/arsnova-white-foooter-1-300x135-1.png","contentUrl":"https:\/\/arsnova.ro\/scoaladedans\/wp-content\/uploads\/2022\/08\/arsnova-white-foooter-1-300x135-1.png","width":300,"height":135,"caption":"Scoala de dans Oradea"},"image":{"@id":"https:\/\/arsnova.ro\/scoaladedans\/#\/schema\/logo\/image\/"}}]}},"_links":{"self":[{"href":"https:\/\/arsnova.ro\/scoaladedans\/wp-json\/wp\/v2\/pages\/2169","targetHints":{"allow":["GET"]}}],"collection":[{"href":"https:\/\/arsnova.ro\/scoaladedans\/wp-json\/wp\/v2\/pages"}],"about":[{"href":"https:\/\/arsnova.ro\/scoaladedans\/wp-json\/wp\/v2\/types\/page"}],"author":[{"embeddable":true,"href":"https:\/\/arsnova.ro\/scoaladedans\/wp-json\/wp\/v2\/users\/1"}],"replies":[{"embeddable":true,"href":"https:\/\/arsnova.ro\/scoaladedans\/wp-json\/wp\/v2\/comments?post=2169"}],"version-history":[{"count":72,"href":"https:\/\/arsnova.ro\/scoaladedans\/wp-json\/wp\/v2\/pages\/2169\/revisions"}],"predecessor-version":[{"id":4380,"href":"https:\/\/arsnova.ro\/scoaladedans\/wp-json\/wp\/v2\/pages\/2169\/revisions\/4380"}],"wp:attachment":[{"href":"https:\/\/arsnova.ro\/scoaladedans\/wp-json\/wp\/v2\/media?parent=2169"}],"curies":[{"name":"wp","href":"https:\/\/api.w.org\/{rel}","templated":true}]}}